{"id":2,"date":"2026-03-27T09:36:42","date_gmt":"2026-03-27T09:36:42","guid":{"rendered":"https:\/\/lajijonencasantcugat.rkinformatika.online\/?page_id=2"},"modified":"2026-03-31T15:17:35","modified_gmt":"2026-03-31T15:17:35","slug":"inicio","status":"publish","type":"page","link":"https:\/\/lajijonencasantcugat.com\/en\/","title":{"rendered":"Home"},"content":{"rendered":"\t\t<div data-elementor-type=\"wp-page\" data-elementor-id=\"2\" class=\"elementor elementor-2\" data-elementor-post-type=\"page\">\n\t\t\t\t<div class=\"elementor-element elementor-element-d4fad40 e-con-full e-flex e-con e-parent\" data-id=\"d4fad40\" data-element_type=\"container\" data-e-type=\"container\" data-settings=\"{&quot;background_background&quot;:&quot;slideshow&quot;,&quot;background_slideshow_gallery&quot;:[{&quot;id&quot;:146,&quot;url&quot;:&quot;https:\\\/\\\/lajijonencasantcugat.com\\\/wp-content\\\/uploads\\\/2026\\\/03\\\/Captura-desde-2026-03-27-10-10-27.png&quot;},{&quot;id&quot;:147,&quot;url&quot;:&quot;https:\\\/\\\/lajijonencasantcugat.com\\\/wp-content\\\/uploads\\\/2026\\\/03\\\/Captura-desde-2026-03-27-10-10-20.png&quot;},{&quot;id&quot;:145,&quot;url&quot;:&quot;https:\\\/\\\/lajijonencasantcugat.com\\\/wp-content\\\/uploads\\\/2026\\\/03\\\/Captura-desde-2026-03-27-10-09-46.png&quot;},{&quot;id&quot;:144,&quot;url&quot;:&quot;https:\\\/\\\/lajijonencasantcugat.com\\\/wp-content\\\/uploads\\\/2026\\\/03\\\/Captura-desde-2026-03-27-10-10-00.png&quot;},{&quot;id&quot;:143,&quot;url&quot;:&quot;https:\\\/\\\/lajijonencasantcugat.com\\\/wp-content\\\/uploads\\\/2026\\\/03\\\/Captura-desde-2026-03-27-10-10-08.png&quot;},{&quot;id&quot;:142,&quot;url&quot;:&quot;https:\\\/\\\/lajijonencasantcugat.com\\\/wp-content\\\/uploads\\\/2026\\\/03\\\/Captura-desde-2026-03-27-10-10-14.png&quot;}],&quot;background_slideshow_ken_burns&quot;:&quot;yes&quot;,&quot;background_slideshow_loop&quot;:&quot;yes&quot;,&quot;background_slideshow_slide_duration&quot;:5000,&quot;background_slideshow_slide_transition&quot;:&quot;fade&quot;,&quot;background_slideshow_transition_duration&quot;:500,&quot;background_slideshow_ken_burns_zoom_direction&quot;:&quot;in&quot;}\">\n\t\t<div class=\"elementor-element elementor-element-105186e e-flex e-con-boxed e-con e-child\" data-id=\"105186e\" data-element_type=\"container\" data-e-type=\"container\">\n\t\t\t\t\t<div class=\"e-con-inner\">\n\t\t\t\t\t<\/div>\n\t\t\t\t<\/div>\n\t\t\t\t<\/div>\n\t\t<div class=\"elementor-element elementor-element-1441aed e-flex e-con-boxed e-con e-parent\" data-id=\"1441aed\" data-element_type=\"container\" data-e-type=\"container\">\n\t\t\t\t\t<div class=\"e-con-inner\">\n\t\t<div class=\"elementor-element elementor-element-3a50b67 e-con-full e-flex e-con e-child\" data-id=\"3a50b67\" data-element_type=\"container\" data-e-type=\"container\">\n\t\t\t\t<div class=\"elementor-element elementor-element-1e30f86 elementor-widget elementor-widget-text-editor\" data-id=\"1e30f86\" data-element_type=\"widget\" data-e-type=\"widget\" data-widget_type=\"text-editor.default\">\n\t\t\t\t\t\t\t\t\t<p>Somos una empresa familiar de 3 generaciones. Empezamos en 1974 en Sant Cugat del Vall\u00e8s siendo la primera helader\u00eda del municipio.<\/p>\n<p>Elaboramos nuestra horchata, granizados y helados y difundimos con orgullo el nombre de Jijona y su tradici\u00f3n turronera y heladera, que son nuestras ra\u00edces, pero sin dejar de lado la innovaci\u00f3n y la adaptaci\u00f3n a los nuevos tiempos, con la mejor calidad y profesionalidad que define el nombre de nuestro pueblo y marca.<\/p>\t\t\t\t\t\t\t\t<\/div>\n\t\t\t\t<div class=\"elementor-element elementor-element-1407347 elementor-widget__width-initial elementor-invisible elementor-widget elementor-widget-heading\" data-id=\"1407347\" data-element_type=\"widget\" data-e-type=\"widget\" data-settings=\"{&quot;_animation&quot;:&quot;fadeInDown&quot;}\" data-widget_type=\"heading.default\">\n\t\t\t\t\t<h2 class=\"elementor-heading-title elementor-size-default\">La Jijonenca Sant Cugat<\/h2>\t\t\t\t<\/div>\n\t\t\t\t<\/div>\n\t\t<div class=\"elementor-element elementor-element-54c902b e-con-full e-flex e-con e-child\" data-id=\"54c902b\" data-element_type=\"container\" data-e-type=\"container\">\n\t\t\t\t<div class=\"elementor-element elementor-element-5882b42 elementor-widget elementor-widget-image\" data-id=\"5882b42\" data-element_type=\"widget\" data-e-type=\"widget\" data-widget_type=\"image.default\">\n\t\t\t\t\t\t\t\t\t\t\t\t\t\t\t<img fetchpriority=\"high\" decoding=\"async\" width=\"768\" height=\"1024\" src=\"https:\/\/lajijonencasantcugat.com\/wp-content\/uploads\/2026\/03\/WhatsApp-Image-2026-03-31-at-11.51.27.jpeg\" class=\"attachment-full size-full wp-image-691\" alt=\"\" srcset=\"https:\/\/lajijonencasantcugat.com\/wp-content\/uploads\/2026\/03\/WhatsApp-Image-2026-03-31-at-11.51.27.jpeg 768w, https:\/\/lajijonencasantcugat.com\/wp-content\/uploads\/2026\/03\/WhatsApp-Image-2026-03-31-at-11.51.27-225x300.jpeg 225w, https:\/\/lajijonencasantcugat.com\/wp-content\/uploads\/2026\/03\/WhatsApp-Image-2026-03-31-at-11.51.27-9x12.jpeg 9w\" sizes=\"(max-width: 768px) 100vw, 768px\" \/>\t\t\t\t\t\t\t\t\t\t\t\t\t\t\t<\/div>\n\t\t\t\t<\/div>\n\t\t\t\t\t<\/div>\n\t\t\t\t<\/div>\n\t\t<div class=\"elementor-element elementor-element-0a0ab98 e-flex e-con-boxed e-con e-parent\" data-id=\"0a0ab98\" data-element_type=\"container\" data-e-type=\"container\">\n\t\t\t\t\t<div class=\"e-con-inner\">\n\t\t\t\t<div class=\"elementor-element elementor-element-e1a71fb elementor-widget elementor-widget-video\" data-id=\"e1a71fb\" data-element_type=\"widget\" data-e-type=\"widget\" data-settings=\"{&quot;video_type&quot;:&quot;hosted&quot;,&quot;controls&quot;:&quot;yes&quot;}\" data-widget_type=\"video.default\">\n\t\t\t\t\t\t\t<div class=\"e-hosted-video elementor-wrapper elementor-open-inline\">\n\t\t\t\t\t<video class=\"elementor-video\" src=\"https:\/\/lajijonencasantcugat.com\/wp-content\/uploads\/2026\/03\/20250926_214946-Cristian-Garcia-Martinez.mov\" controls=\"\" preload=\"metadata\" controlsList=\"nodownload\"><\/video>\n\t\t\t\t<\/div>\n\t\t\t\t\t\t<\/div>\n\t\t\t\t\t<\/div>\n\t\t\t\t<\/div>\n\t\t<div class=\"elementor-element elementor-element-a2051a3 e-con-full e-flex e-con e-parent\" data-id=\"a2051a3\" data-element_type=\"container\" data-e-type=\"container\">\n\t\t\t\t<div class=\"elementor-element elementor-element-f371c7d elementor-widget elementor-widget-image-carousel\" data-id=\"f371c7d\" data-element_type=\"widget\" data-e-type=\"widget\" data-settings=\"{&quot;navigation&quot;:&quot;none&quot;,&quot;slides_to_show&quot;:&quot;3&quot;,&quot;slides_to_scroll&quot;:&quot;1&quot;,&quot;autoplay&quot;:&quot;yes&quot;,&quot;pause_on_hover&quot;:&quot;yes&quot;,&quot;pause_on_interaction&quot;:&quot;yes&quot;,&quot;autoplay_speed&quot;:5000,&quot;infinite&quot;:&quot;yes&quot;,&quot;speed&quot;:500}\" data-widget_type=\"image-carousel.default\">\n\t\t\t\t\t\t\t<div class=\"elementor-image-carousel-wrapper swiper\" role=\"region\" aria-roledescription=\"carousel\" aria-label=\"Carrusel de im\u00e1genes\" dir=\"ltr\">\n\t\t\t<div class=\"elementor-image-carousel swiper-wrapper\" aria-live=\"off\">\n\t\t\t\t\t\t\t\t<div class=\"swiper-slide\" role=\"group\" aria-roledescription=\"slide\" aria-label=\"1 of 6\"><figure class=\"swiper-slide-inner\"><img decoding=\"async\" class=\"swiper-slide-image\" src=\"https:\/\/lajijonencasantcugat.com\/wp-content\/uploads\/2026\/03\/POSTRES.jpg\" alt=\"POSTRES\" \/><\/figure><\/div><div class=\"swiper-slide\" role=\"group\" aria-roledescription=\"slide\" aria-label=\"2 of 6\"><figure class=\"swiper-slide-inner\"><img decoding=\"async\" class=\"swiper-slide-image\" src=\"https:\/\/lajijonencasantcugat.com\/wp-content\/uploads\/2026\/03\/BARRAS-DE-CORTE.jpg\" alt=\"BARRAS-DE-CORTE\" \/><\/figure><\/div><div class=\"swiper-slide\" role=\"group\" aria-roledescription=\"slide\" aria-label=\"3 of 6\"><figure class=\"swiper-slide-inner\"><img decoding=\"async\" class=\"swiper-slide-image\" src=\"https:\/\/lajijonencasantcugat.com\/wp-content\/uploads\/2026\/03\/IMPULSO.jpg\" alt=\"IMPULSO\" \/><\/figure><\/div><div class=\"swiper-slide\" role=\"group\" aria-roledescription=\"slide\" aria-label=\"4 of 6\"><figure class=\"swiper-slide-inner\"><img decoding=\"async\" class=\"swiper-slide-image\" src=\"https:\/\/lajijonencasantcugat.com\/wp-content\/uploads\/2026\/03\/SMOOTHIES.jpg\" alt=\"SMOOTHIES\" \/><\/figure><\/div><div class=\"swiper-slide\" role=\"group\" aria-roledescription=\"slide\" aria-label=\"5 of 6\"><figure class=\"swiper-slide-inner\"><img decoding=\"async\" class=\"swiper-slide-image\" src=\"https:\/\/lajijonencasantcugat.com\/wp-content\/uploads\/2026\/03\/TARTAS.jpg\" alt=\"TARTAS\" \/><\/figure><\/div><div class=\"swiper-slide\" role=\"group\" aria-roledescription=\"slide\" aria-label=\"6 of 6\"><figure class=\"swiper-slide-inner\"><img decoding=\"async\" class=\"swiper-slide-image\" src=\"https:\/\/lajijonencasantcugat.com\/wp-content\/uploads\/2026\/03\/CREMAS.jpg\" alt=\"CREMAS\" \/><\/figure><\/div>\t\t\t<\/div>\n\t\t\t\t\t\t\t\n\t\t\t\t\t\t\t\t\t<\/div>\n\t\t\t\t\t\t<\/div>\n\t\t\t\t<\/div>\n\t\t<div class=\"elementor-element elementor-element-50d3047 e-flex e-con-boxed e-con e-parent\" data-id=\"50d3047\" data-element_type=\"container\" data-e-type=\"container\" data-settings=\"{&quot;background_background&quot;:&quot;classic&quot;}\">\n\t\t\t\t\t<div class=\"e-con-inner\">\n\t\t<div class=\"elementor-element elementor-element-1570770 e-con-full e-flex e-con e-child\" data-id=\"1570770\" data-element_type=\"container\" data-e-type=\"container\">\n\t\t\t\t<div class=\"elementor-element elementor-element-7f3c0e7 elementor-cta--skin-cover elementor-widget-tablet__width-initial elementor-animated-content elementor-bg-transform elementor-bg-transform-zoom-in elementor-widget elementor-widget-call-to-action\" data-id=\"7f3c0e7\" data-element_type=\"widget\" data-e-type=\"widget\" data-widget_type=\"call-to-action.default\">\n\t\t\t\t\t\t\t<div class=\"elementor-cta\">\n\t\t\t\t\t<div class=\"elementor-cta__bg-wrapper\">\n\t\t\t\t<div class=\"elementor-cta__bg elementor-bg\" style=\"background-image: url(https:\/\/lajijonencasantcugat.com\/wp-content\/uploads\/2026\/03\/banners-2023_origenes-1024x323.jpg);\" role=\"img\" aria-label=\"banners-2023_origenes\"><\/div>\n\t\t\t\t<div class=\"elementor-cta__bg-overlay\"><\/div>\n\t\t\t<\/div>\n\t\t\t\t\t\t\t<div class=\"elementor-cta__content\">\n\t\t\t\t\n\t\t\t\t\t\t\t\t\t<h2 class=\"elementor-cta__title elementor-cta__content-item elementor-content-item elementor-animated-item--enter-zoom-out\">\n\t\t\t\t\t\t\u00a1S\u00edguenos en redes sociales! De clic en el icono\t\t\t\t\t<\/h2>\n\t\t\t\t\n\t\t\t\t\n\t\t\t\t\t\t\t\t\t<div class=\"elementor-cta__button-wrapper elementor-cta__content-item elementor-content-item elementor-animated-item--enter-zoom-out\">\n\t\t\t\t\t<a class=\"elementor-cta__button elementor-button elementor-size-\" href=\"\/servicios\">\n\t\t\t\t\t\tServicios\t\t\t\t\t<\/a>\n\t\t\t\t\t<\/div>\n\t\t\t\t\t\t\t<\/div>\n\t\t\t\t\t\t<\/div>\n\t\t\t\t\t\t<\/div>\n\t\t\t\t<\/div>\n\t\t\t\t\t<\/div>\n\t\t\t\t<\/div>\n\t\t\t\t<\/div>\n\t\t","protected":false},"excerpt":{"rendered":"<p>Somos una empresa familiar de 3 generaciones. Empezamos en 1974 en Sant Cugat del Vall\u00e8s siendo la primera helader\u00eda del municipio. Elaboramos nuestra horchata, granizados y helados y difundimos con orgullo el nombre de Jijona y su tradici\u00f3n turronera y heladera, que son nuestras ra\u00edces, pero sin dejar de lado la innovaci\u00f3n y la adaptaci\u00f3n [&hellip;]<\/p>\n","protected":false},"author":1,"featured_media":0,"parent":0,"menu_order":0,"comment_status":"closed","ping_status":"closed","template":"elementor_canvas","meta":{"footnotes":""},"class_list":["post-2","page","type-page","status-publish","hentry"],"yoast_head":"<!-- This site is optimized with the Yoast SEO plugin v27.4 - https:\/\/yoast.com\/product\/yoast-seo-wordpress\/ -->\n<title>Inicio - La Jijonenca Sant Cugat<\/title>\n<meta name=\"robots\" content=\"index, follow, max-snippet:-1, max-image-preview:large, max-video-preview:-1\" \/>\n<link rel=\"canonical\" href=\"https:\/\/lajijonencasantcugat.com\/en\/\" \/>\n<meta property=\"og:locale\" content=\"en_GB\" \/>\n<meta property=\"og:type\" content=\"article\" \/>\n<meta property=\"og:title\" content=\"Inicio - La Jijonenca Sant Cugat\" \/>\n<meta property=\"og:description\" content=\"Somos una empresa familiar de 3 generaciones. Empezamos en 1974 en Sant Cugat del Vall\u00e8s siendo la primera helader\u00eda del municipio. Elaboramos nuestra horchata, granizados y helados y difundimos con orgullo el nombre de Jijona y su tradici\u00f3n turronera y heladera, que son nuestras ra\u00edces, pero sin dejar de lado la innovaci\u00f3n y la adaptaci\u00f3n [&hellip;]\" \/>\n<meta property=\"og:url\" content=\"https:\/\/lajijonencasantcugat.com\/en\/\" \/>\n<meta property=\"og:site_name\" content=\"La Jijonenca Sant Cugat\" \/>\n<meta property=\"article:modified_time\" content=\"2026-03-31T15:17:35+00:00\" \/>\n<meta property=\"og:image\" content=\"https:\/\/lajijonencasantcugat.com\/wp-content\/uploads\/2026\/03\/WhatsApp-Image-2026-03-31-at-11.51.27.jpeg\" \/>\n<meta name=\"twitter:card\" content=\"summary_large_image\" \/>\n<meta name=\"twitter:label1\" content=\"Estimated reading time\" \/>\n\t<meta name=\"twitter:data1\" content=\"3 minutes\" \/>\n<script type=\"application\/ld+json\" class=\"yoast-schema-graph\">{\"@context\":\"https:\\\/\\\/schema.org\",\"@graph\":[{\"@type\":\"WebPage\",\"@id\":\"https:\\\/\\\/lajijonencasantcugat.com\\\/\",\"url\":\"https:\\\/\\\/lajijonencasantcugat.com\\\/\",\"name\":\"Inicio - La Jijonenca Sant Cugat\",\"isPartOf\":{\"@id\":\"https:\\\/\\\/lajijonencasantcugat.com\\\/#website\"},\"primaryImageOfPage\":{\"@id\":\"https:\\\/\\\/lajijonencasantcugat.com\\\/#primaryimage\"},\"image\":{\"@id\":\"https:\\\/\\\/lajijonencasantcugat.com\\\/#primaryimage\"},\"thumbnailUrl\":\"https:\\\/\\\/lajijonencasantcugat.com\\\/wp-content\\\/uploads\\\/2026\\\/03\\\/WhatsApp-Image-2026-03-31-at-11.51.27.jpeg\",\"datePublished\":\"2026-03-27T09:36:42+00:00\",\"dateModified\":\"2026-03-31T15:17:35+00:00\",\"breadcrumb\":{\"@id\":\"https:\\\/\\\/lajijonencasantcugat.com\\\/#breadcrumb\"},\"inLanguage\":\"en-GB\",\"potentialAction\":[{\"@type\":\"ReadAction\",\"target\":[\"https:\\\/\\\/lajijonencasantcugat.com\\\/\"]}]},{\"@type\":\"ImageObject\",\"inLanguage\":\"en-GB\",\"@id\":\"https:\\\/\\\/lajijonencasantcugat.com\\\/#primaryimage\",\"url\":\"https:\\\/\\\/lajijonencasantcugat.com\\\/wp-content\\\/uploads\\\/2026\\\/03\\\/WhatsApp-Image-2026-03-31-at-11.51.27.jpeg\",\"contentUrl\":\"https:\\\/\\\/lajijonencasantcugat.com\\\/wp-content\\\/uploads\\\/2026\\\/03\\\/WhatsApp-Image-2026-03-31-at-11.51.27.jpeg\"},{\"@type\":\"BreadcrumbList\",\"@id\":\"https:\\\/\\\/lajijonencasantcugat.com\\\/#breadcrumb\",\"itemListElement\":[{\"@type\":\"ListItem\",\"position\":1,\"name\":\"Portada\",\"item\":\"https:\\\/\\\/lajijonencasantcugat.com\\\/\"},{\"@type\":\"ListItem\",\"position\":2,\"name\":\"Inicio\"}]},{\"@type\":\"WebSite\",\"@id\":\"https:\\\/\\\/lajijonencasantcugat.com\\\/#website\",\"url\":\"https:\\\/\\\/lajijonencasantcugat.com\\\/\",\"name\":\"La Jijonenca Sant Cugat\",\"description\":\"La Jijonenca Sant Cugat\",\"publisher\":{\"@id\":\"https:\\\/\\\/lajijonencasantcugat.com\\\/#organization\"},\"potentialAction\":[{\"@type\":\"SearchAction\",\"target\":{\"@type\":\"EntryPoint\",\"urlTemplate\":\"https:\\\/\\\/lajijonencasantcugat.com\\\/?s={search_term_string}\"},\"query-input\":{\"@type\":\"PropertyValueSpecification\",\"valueRequired\":true,\"valueName\":\"search_term_string\"}}],\"inLanguage\":\"en-GB\"},{\"@type\":\"Organization\",\"@id\":\"https:\\\/\\\/lajijonencasantcugat.com\\\/#organization\",\"name\":\"La Jijonenca Sant Cugat\",\"url\":\"https:\\\/\\\/lajijonencasantcugat.com\\\/\",\"logo\":{\"@type\":\"ImageObject\",\"inLanguage\":\"en-GB\",\"@id\":\"https:\\\/\\\/lajijonencasantcugat.com\\\/#\\\/schema\\\/logo\\\/image\\\/\",\"url\":\"https:\\\/\\\/lajijonencasantcugat.com\\\/wp-content\\\/uploads\\\/2026\\\/03\\\/logo_web-scaled.png\",\"contentUrl\":\"https:\\\/\\\/lajijonencasantcugat.com\\\/wp-content\\\/uploads\\\/2026\\\/03\\\/logo_web-scaled.png\",\"width\":2560,\"height\":526,\"caption\":\"La Jijonenca Sant Cugat\"},\"image\":{\"@id\":\"https:\\\/\\\/lajijonencasantcugat.com\\\/#\\\/schema\\\/logo\\\/image\\\/\"}}]}<\/script>\n<!-- \/ Yoast SEO plugin. -->","yoast_head_json":{"title":"Inicio - La Jijonenca Sant Cugat","robots":{"index":"index","follow":"follow","max-snippet":"max-snippet:-1","max-image-preview":"max-image-preview:large","max-video-preview":"max-video-preview:-1"},"canonical":"https:\/\/lajijonencasantcugat.com\/en\/","og_locale":"en_GB","og_type":"article","og_title":"Inicio - La Jijonenca Sant Cugat","og_description":"Somos una empresa familiar de 3 generaciones. Empezamos en 1974 en Sant Cugat del Vall\u00e8s siendo la primera helader\u00eda del municipio. Elaboramos nuestra horchata, granizados y helados y difundimos con orgullo el nombre de Jijona y su tradici\u00f3n turronera y heladera, que son nuestras ra\u00edces, pero sin dejar de lado la innovaci\u00f3n y la adaptaci\u00f3n [&hellip;]","og_url":"https:\/\/lajijonencasantcugat.com\/en\/","og_site_name":"La Jijonenca Sant Cugat","article_modified_time":"2026-03-31T15:17:35+00:00","og_image":[{"url":"https:\/\/lajijonencasantcugat.com\/wp-content\/uploads\/2026\/03\/WhatsApp-Image-2026-03-31-at-11.51.27.jpeg","type":"","width":"","height":""}],"twitter_card":"summary_large_image","twitter_misc":{"Estimated reading time":"3 minutes"},"schema":{"@context":"https:\/\/schema.org","@graph":[{"@type":"WebPage","@id":"https:\/\/lajijonencasantcugat.com\/","url":"https:\/\/lajijonencasantcugat.com\/","name":"Inicio - La Jijonenca Sant Cugat","isPartOf":{"@id":"https:\/\/lajijonencasantcugat.com\/#website"},"primaryImageOfPage":{"@id":"https:\/\/lajijonencasantcugat.com\/#primaryimage"},"image":{"@id":"https:\/\/lajijonencasantcugat.com\/#primaryimage"},"thumbnailUrl":"https:\/\/lajijonencasantcugat.com\/wp-content\/uploads\/2026\/03\/WhatsApp-Image-2026-03-31-at-11.51.27.jpeg","datePublished":"2026-03-27T09:36:42+00:00","dateModified":"2026-03-31T15:17:35+00:00","breadcrumb":{"@id":"https:\/\/lajijonencasantcugat.com\/#breadcrumb"},"inLanguage":"en-GB","potentialAction":[{"@type":"ReadAction","target":["https:\/\/lajijonencasantcugat.com\/"]}]},{"@type":"ImageObject","inLanguage":"en-GB","@id":"https:\/\/lajijonencasantcugat.com\/#primaryimage","url":"https:\/\/lajijonencasantcugat.com\/wp-content\/uploads\/2026\/03\/WhatsApp-Image-2026-03-31-at-11.51.27.jpeg","contentUrl":"https:\/\/lajijonencasantcugat.com\/wp-content\/uploads\/2026\/03\/WhatsApp-Image-2026-03-31-at-11.51.27.jpeg"},{"@type":"BreadcrumbList","@id":"https:\/\/lajijonencasantcugat.com\/#breadcrumb","itemListElement":[{"@type":"ListItem","position":1,"name":"Portada","item":"https:\/\/lajijonencasantcugat.com\/"},{"@type":"ListItem","position":2,"name":"Inicio"}]},{"@type":"WebSite","@id":"https:\/\/lajijonencasantcugat.com\/#website","url":"https:\/\/lajijonencasantcugat.com\/","name":"La Jijonenca Sant Cugat","description":"La Jijonenca Sant Cugat","publisher":{"@id":"https:\/\/lajijonencasantcugat.com\/#organization"},"potentialAction":[{"@type":"SearchAction","target":{"@type":"EntryPoint","urlTemplate":"https:\/\/lajijonencasantcugat.com\/?s={search_term_string}"},"query-input":{"@type":"PropertyValueSpecification","valueRequired":true,"valueName":"search_term_string"}}],"inLanguage":"en-GB"},{"@type":"Organization","@id":"https:\/\/lajijonencasantcugat.com\/#organization","name":"La Jijonenca Sant Cugat","url":"https:\/\/lajijonencasantcugat.com\/","logo":{"@type":"ImageObject","inLanguage":"en-GB","@id":"https:\/\/lajijonencasantcugat.com\/#\/schema\/logo\/image\/","url":"https:\/\/lajijonencasantcugat.com\/wp-content\/uploads\/2026\/03\/logo_web-scaled.png","contentUrl":"https:\/\/lajijonencasantcugat.com\/wp-content\/uploads\/2026\/03\/logo_web-scaled.png","width":2560,"height":526,"caption":"La Jijonenca Sant Cugat"},"image":{"@id":"https:\/\/lajijonencasantcugat.com\/#\/schema\/logo\/image\/"}}]}},"_links":{"self":[{"href":"https:\/\/lajijonencasantcugat.com\/en\/wp-json\/wp\/v2\/pages\/2","targetHints":{"allow":["GET"]}}],"collection":[{"href":"https:\/\/lajijonencasantcugat.com\/en\/wp-json\/wp\/v2\/pages"}],"about":[{"href":"https:\/\/lajijonencasantcugat.com\/en\/wp-json\/wp\/v2\/types\/page"}],"author":[{"embeddable":true,"href":"https:\/\/lajijonencasantcugat.com\/en\/wp-json\/wp\/v2\/users\/1"}],"replies":[{"embeddable":true,"href":"https:\/\/lajijonencasantcugat.com\/en\/wp-json\/wp\/v2\/comments?post=2"}],"version-history":[{"count":121,"href":"https:\/\/lajijonencasantcugat.com\/en\/wp-json\/wp\/v2\/pages\/2\/revisions"}],"predecessor-version":[{"id":754,"href":"https:\/\/lajijonencasantcugat.com\/en\/wp-json\/wp\/v2\/pages\/2\/revisions\/754"}],"wp:attachment":[{"href":"https:\/\/lajijonencasantcugat.com\/en\/wp-json\/wp\/v2\/media?parent=2"}],"curies":[{"name":"wp","href":"https:\/\/api.w.org\/{rel}","templated":true}]}}