{"id":7,"date":"2026-03-27T09:46:40","date_gmt":"2026-03-27T09:46:40","guid":{"rendered":"https:\/\/lajijonencasantcugat.rkinformatika.online\/?page_id=7"},"modified":"2026-04-01T07:36:38","modified_gmt":"2026-04-01T07:36:38","slug":"servicios","status":"publish","type":"page","link":"https:\/\/lajijonencasantcugat.com\/en\/servicios\/","title":{"rendered":"Services"},"content":{"rendered":"<div data-elementor-type=\"wp-page\" data-elementor-id=\"7\" class=\"elementor elementor-7\" data-elementor-post-type=\"page\">\n\t\t\t\t<div class=\"elementor-element elementor-element-861c9a3 e-flex e-con-boxed e-con e-parent\" data-id=\"861c9a3\" data-element_type=\"container\" data-e-type=\"container\" data-settings=\"{&quot;background_background&quot;:&quot;classic&quot;,&quot;animation&quot;:&quot;none&quot;}\">\n\t\t\t\t\t<div class=\"e-con-inner\">\n\t\t\t\t\t<\/div>\n\t\t\t\t<\/div>\n\t\t<div class=\"elementor-element elementor-element-a5e0b4c e-flex e-con-boxed e-con e-parent\" data-id=\"a5e0b4c\" data-element_type=\"container\" data-e-type=\"container\">\n\t\t\t\t\t<div class=\"e-con-inner\">\n\t\t\t\t<div class=\"elementor-element elementor-element-74ef8a8 elementor-widget__width-initial elementor-invisible elementor-widget elementor-widget-heading\" data-id=\"74ef8a8\" data-element_type=\"widget\" data-e-type=\"widget\" data-settings=\"{&quot;_animation&quot;:&quot;fadeInDown&quot;}\" data-widget_type=\"heading.default\">\n\t\t\t\t\t<h2 class=\"elementor-heading-title elementor-size-default\">Nuestros Productos<\/h2>\t\t\t\t<\/div>\n\t\t\t\t<div class=\"elementor-element elementor-element-e427be6 elementor-widget elementor-widget-text-editor\" data-id=\"e427be6\" data-element_type=\"widget\" data-e-type=\"widget\" data-widget_type=\"text-editor.default\">\n\t\t\t\t\t\t\t\t\t<p>Somos maestros heladeros y turroneros de Jijona, con m\u00e1s de 50 a\u00f1os de experiencia en Sant Cugat, donde hemos convertido este lugar en nuestra segunda casa, llena de tradici\u00f3n y dulzura.<\/p>\t\t\t\t\t\t\t\t<\/div>\n\t\t\t\t\t<\/div>\n\t\t\t\t<\/div>\n\t\t<div class=\"elementor-element elementor-element-f4baca0 e-con-full elementor-hidden-tablet elementor-hidden-mobile e-flex e-con e-parent\" data-id=\"f4baca0\" data-element_type=\"container\" data-e-type=\"container\">\n\t\t\t\t<div class=\"elementor-element elementor-element-5ad59d8 elementor-widget elementor-widget-eael-image-accordion\" data-id=\"5ad59d8\" data-element_type=\"widget\" data-e-type=\"widget\" data-widget_type=\"eael-image-accordion.default\">\n\t\t\t\t\t    <div class=\"eael-img-accordion accordion-direction-horizontal eael-img-accordion-horizontal-align-center eael-img-accordion-vertical-align-\" id=\"eael-img-accordion-5ad59d8\" data-img-accordion-id=\"5ad59d8\" data-img-accordion-type=\"on-hover\">\n                    \n            <div class=\"eael-image-accordion-hover eael-image-accordion-item\" style=\"background-image: url(https:\/\/lajijonencasantcugat.com\/wp-content\/uploads\/2026\/03\/1.jpg);\"  tabindex=\"0\">\n                <div class=\"overlay\">\n                                        <div class=\"overlay-inner\">\n                        <h2 class=\"img-accordion-title\">Horchata<\/h2>                    <\/div>\n                <\/div>\n            <\/div>\n                    \n            <div class=\"eael-image-accordion-hover eael-image-accordion-item\" style=\"background-image: url(https:\/\/lajijonencasantcugat.com\/wp-content\/uploads\/2026\/03\/2.jpg);\"  tabindex=\"0\">\n                <div class=\"overlay\">\n                                        <div class=\"overlay-inner\">\n                        <h2 class=\"img-accordion-title\">Helados<\/h2>                    <\/div>\n                <\/div>\n            <\/div>\n                    \n            <div class=\"eael-image-accordion-hover eael-image-accordion-item\" style=\"background-image: url(https:\/\/lajijonencasantcugat.com\/wp-content\/uploads\/2026\/03\/3.jpg);\"  tabindex=\"0\">\n                <div class=\"overlay\">\n                                        <div class=\"overlay-inner\">\n                        <h2 class=\"img-accordion-title\">Granizados<\/h2>                    <\/div>\n                <\/div>\n            <\/div>\n                    \n            <div class=\"eael-image-accordion-hover eael-image-accordion-item\" style=\"background-image: url(https:\/\/lajijonencasantcugat.com\/wp-content\/uploads\/2026\/03\/leche_merengada.png);\"  tabindex=\"0\">\n                <div class=\"overlay\">\n                                        <div class=\"overlay-inner\">\n                        <h2 class=\"img-accordion-title\">Leche merengada<\/h2>                    <\/div>\n                <\/div>\n            <\/div>\n                    \n            <div class=\"eael-image-accordion-hover eael-image-accordion-item\" style=\"background-image: url(https:\/\/lajijonencasantcugat.com\/wp-content\/uploads\/2026\/03\/CAFE-e1676365384110-300x255-1.webp);\"  tabindex=\"0\">\n                <div class=\"overlay\">\n                                        <div class=\"overlay-inner\">\n                        <h2 class=\"img-accordion-title\">Caf\u00e9 <\/h2>                    <\/div>\n                <\/div>\n            <\/div>\n                    \n            <div class=\"eael-image-accordion-hover eael-image-accordion-item\" style=\"background-image: url(https:\/\/lajijonencasantcugat.com\/wp-content\/uploads\/2026\/03\/turrones.png);\"  tabindex=\"0\">\n                <div class=\"overlay\">\n                                        <div class=\"overlay-inner\">\n                        <h2 class=\"img-accordion-title\">Turrones artesanos<\/h2>                    <\/div>\n                <\/div>\n            <\/div>\n                    \n            <div class=\"eael-image-accordion-hover eael-image-accordion-item\" style=\"background-image: url(https:\/\/lajijonencasantcugat.com\/wp-content\/uploads\/2026\/03\/Encabezado-que-es-la-feria.png);\"  tabindex=\"0\">\n                <div class=\"overlay\">\n                                        <div class=\"overlay-inner\">\n                        <h2 class=\"img-accordion-title\">Dulces de Navidad<\/h2>                    <\/div>\n                <\/div>\n            <\/div>\n                <\/div>\n        <style typr=\"text\/css\">\n                    #eael-img-accordion-5ad59d8 .eael-image-accordion-hover:hover {\n                        flex: 3 1 0% !important;\n                    }\n                    #eael-img-accordion-5ad59d8 .eael-image-accordion-hover:hover:hover .overlay-inner * {\n                        opacity: 1;\n                        visibility: visible;\n                        transform: none;\n                        transition: all .3s .3s;\n                    }\n                <\/style>\t\t\t\t<\/div>\n\t\t\t\t<div class=\"elementor-element elementor-element-97d5447 elementor-align-center elementor-invisible elementor-widget elementor-widget-button\" data-id=\"97d5447\" data-element_type=\"widget\" data-e-type=\"widget\" data-settings=\"{&quot;_animation&quot;:&quot;fadeInLeft&quot;}\" data-widget_type=\"button.default\">\n\t\t\t\t\t\t\t\t\t\t<a class=\"elementor-button elementor-button-link elementor-size-sm\" href=\"\/en\/Contacto\/\">\n\t\t\t\t\t\t<span class=\"elementor-button-content-wrapper\">\n\t\t\t\t\t\t\t\t\t<span class=\"elementor-button-text\">Contactar<\/span>\n\t\t\t\t\t<\/span>\n\t\t\t\t\t<\/a>\n\t\t\t\t\t\t\t\t<\/div>\n\t\t\t\t<\/div>\n\t\t<div class=\"elementor-element elementor-element-f50865a e-con-full elementor-hidden-desktop e-flex e-con e-parent\" data-id=\"f50865a\" data-element_type=\"container\" data-e-type=\"container\">\n\t\t\t\t<div class=\"elementor-element elementor-element-d778dd2 elementor--h-position-left elementor--v-position-bottom elementor-arrows-position-inside elementor-pagination-position-inside elementor-widget elementor-widget-slides\" data-id=\"d778dd2\" data-element_type=\"widget\" data-e-type=\"widget\" data-settings=\"{&quot;navigation&quot;:&quot;both&quot;,&quot;autoplay&quot;:&quot;yes&quot;,&quot;pause_on_hover&quot;:&quot;yes&quot;,&quot;pause_on_interaction&quot;:&quot;yes&quot;,&quot;autoplay_speed&quot;:5000,&quot;infinite&quot;:&quot;yes&quot;,&quot;transition&quot;:&quot;slide&quot;,&quot;transition_speed&quot;:500}\" data-widget_type=\"slides.default\">\n\t\t\t\t\t\t\t\t\t\t<div class=\"elementor-slides-wrapper elementor-main-swiper swiper\" role=\"region\" aria-roledescription=\"carousel\" aria-label=\"Slides\" dir=\"ltr\" data-animation=\"fadeInUp\">\n\t\t\t\t<div class=\"swiper-wrapper elementor-slides\">\n\t\t\t\t\t\t\t\t\t\t<div class=\"elementor-repeater-item-f77f605 swiper-slide\" role=\"group\" aria-roledescription=\"slide\"><div class=\"swiper-slide-bg\" role=\"img\" aria-label=\"1\"><\/div><div class=\"swiper-slide-inner\" ><div class=\"swiper-slide-contents\"><div class=\"elementor-slide-heading\">Horchata<\/div><\/div><\/div><\/div><div class=\"elementor-repeater-item-a4304f0 swiper-slide\" role=\"group\" aria-roledescription=\"slide\"><div class=\"swiper-slide-bg\" role=\"img\" aria-label=\"Captura desde 2026-03-27 15-37-01\"><\/div><div class=\"swiper-slide-inner\" ><div class=\"swiper-slide-contents\"><div class=\"elementor-slide-heading\">Helados<\/div><\/div><\/div><\/div><div class=\"elementor-repeater-item-b249121 swiper-slide\" role=\"group\" aria-roledescription=\"slide\"><div class=\"swiper-slide-bg\" role=\"img\" aria-label=\"2\"><\/div><div class=\"swiper-slide-inner\" ><div class=\"swiper-slide-contents\"><div class=\"elementor-slide-heading\">Helados<\/div><\/div><\/div><\/div><div class=\"elementor-repeater-item-e92d357 swiper-slide\" role=\"group\" aria-roledescription=\"slide\"><div class=\"swiper-slide-bg\" role=\"img\" aria-label=\"3\"><\/div><div class=\"swiper-slide-inner\" ><div class=\"swiper-slide-contents\"><div class=\"elementor-slide-heading\">Granizados<\/div><\/div><\/div><\/div><div class=\"elementor-repeater-item-e80c818 swiper-slide\" role=\"group\" aria-roledescription=\"slide\"><div class=\"swiper-slide-bg\" role=\"img\" aria-label=\"leche_merengada\"><\/div><div class=\"swiper-slide-inner\" ><div class=\"swiper-slide-contents\"><div class=\"elementor-slide-heading\">Leche merengada<\/div><\/div><\/div><\/div><div class=\"elementor-repeater-item-81e88fb swiper-slide\" role=\"group\" aria-roledescription=\"slide\"><div class=\"swiper-slide-bg\" role=\"img\" aria-label=\"CAFE-e1676365384110-300x255\"><\/div><div class=\"swiper-slide-inner\" ><div class=\"swiper-slide-contents\"><div class=\"elementor-slide-heading\">Caf\u00e9<\/div><\/div><\/div><\/div><div class=\"elementor-repeater-item-69b1a1b swiper-slide\" role=\"group\" aria-roledescription=\"slide\"><div class=\"swiper-slide-bg\" role=\"img\" aria-label=\"turrones\"><\/div><div class=\"swiper-slide-inner\" ><div class=\"swiper-slide-contents\"><div class=\"elementor-slide-heading\">Turrones artesanos<\/div><\/div><\/div><\/div><div class=\"elementor-repeater-item-918d927 swiper-slide\" role=\"group\" aria-roledescription=\"slide\"><div class=\"swiper-slide-bg\" role=\"img\" aria-label=\"Encabezado-que-es-la-feria\"><\/div><div class=\"swiper-slide-inner\" ><div class=\"swiper-slide-contents\"><div class=\"elementor-slide-heading\">Dulces de navidad<\/div><\/div><\/div><\/div>\t\t\t\t<\/div>\n\t\t\t\t\t\t\t\t\t\t\t\t\t\t\t<div class=\"elementor-swiper-button elementor-swiper-button-prev\" role=\"button\" tabindex=\"0\" aria-label=\"Previous slide\">\n\t\t\t\t\t\t\t<svg aria-hidden=\"true\" class=\"e-font-icon-svg e-eicon-chevron-left\" viewbox=\"0 0 1000 1000\" xmlns=\"http:\/\/www.w3.org\/2000\/svg\"><path d=\"M646 125C629 125 613 133 604 142L308 442C296 454 292 471 292 487 292 504 296 521 308 533L604 854C617 867 629 875 646 875 663 875 679 871 692 858 704 846 713 829 713 812 713 796 708 779 692 767L438 487 692 225C700 217 708 204 708 187 708 171 704 154 692 142 675 129 663 125 646 125Z\"><\/path><\/svg>\t\t\t\t\t\t<\/div>\n\t\t\t\t\t\t<div class=\"elementor-swiper-button elementor-swiper-button-next\" role=\"button\" tabindex=\"0\" aria-label=\"Next slide\">\n\t\t\t\t\t\t\t<svg aria-hidden=\"true\" class=\"e-font-icon-svg e-eicon-chevron-right\" viewbox=\"0 0 1000 1000\" xmlns=\"http:\/\/www.w3.org\/2000\/svg\"><path d=\"M696 533C708 521 713 504 713 487 713 471 708 454 696 446L400 146C388 133 375 125 354 125 338 125 325 129 313 142 300 154 292 171 292 187 292 204 296 221 308 233L563 492 304 771C292 783 288 800 288 817 288 833 296 850 308 863 321 871 338 875 354 875 371 875 388 867 400 854L696 533Z\"><\/path><\/svg>\t\t\t\t\t\t<\/div>\n\t\t\t\t\t\t\t\t\t\t\t\t\t\t\t\t<div class=\"swiper-pagination\"><\/div>\n\t\t\t\t\t\t\t\t\t\t\t\t<\/div>\n\t\t\t\t\t\t\t\t<\/div>\n\t\t\t\t<div class=\"elementor-element elementor-element-2a27a08 elementor-align-center elementor-invisible elementor-widget elementor-widget-button\" data-id=\"2a27a08\" data-element_type=\"widget\" data-e-type=\"widget\" data-settings=\"{&quot;_animation&quot;:&quot;fadeInLeft&quot;}\" data-widget_type=\"button.default\">\n\t\t\t\t\t\t\t\t\t\t<a class=\"elementor-button elementor-button-link elementor-size-sm\" href=\"\/en\/Contacto\/\">\n\t\t\t\t\t\t<span class=\"elementor-button-content-wrapper\">\n\t\t\t\t\t\t\t\t\t<span class=\"elementor-button-text\">Contactar<\/span>\n\t\t\t\t\t<\/span>\n\t\t\t\t\t<\/a>\n\t\t\t\t\t\t\t\t<\/div>\n\t\t\t\t<\/div>\n\t\t<div class=\"elementor-element elementor-element-10d768a e-flex e-con-boxed e-con e-parent\" data-id=\"10d768a\" data-element_type=\"container\" data-e-type=\"container\" data-settings=\"{&quot;background_background&quot;:&quot;video&quot;,&quot;background_video_link&quot;:&quot;https:\\\/\\\/lajijonencasantcugat.com\\\/wp-content\\\/uploads\\\/2026\\\/03\\\/videoantiguo2022red.mp4&quot;,&quot;background_play_on_mobile&quot;:&quot;yes&quot;}\">\n\t\t\t\t\t<div class=\"e-con-inner\">\n\t\t<div class=\"elementor-background-video-container\">\n\t\t\t\t\t\t\t<video class=\"elementor-background-video-hosted\" role=\"presentation\" autoplay muted playsinline loop><\/video>\n\t\t\t\t\t<\/div>\t\t\t<\/div>\n\t\t\t\t<\/div>\n\t\t\t\t<\/div>","protected":false},"excerpt":{"rendered":"<p>Nuestros Productos Somos maestros heladeros y turroneros de Jijona, con m\u00e1s de 50 a\u00f1os de experiencia en Sant Cugat, donde hemos convertido este lugar en nuestra segunda casa, llena de tradici\u00f3n y dulzura. Horchata Helados Granizados Leche merengada Caf\u00e9 Turrones artesanos Dulces de Navidad Contactar HorchataHeladosHeladosGranizadosLeche merengadaCaf\u00e9Turrones artesanosDulces de navidad Contactar<\/p>","protected":false},"author":1,"featured_media":0,"parent":0,"menu_order":0,"comment_status":"closed","ping_status":"closed","template":"elementor_canvas","meta":{"footnotes":""},"class_list":["post-7","page","type-page","status-publish","hentry"],"yoast_head":"<!-- This site is optimized with the Yoast SEO plugin v27.4 - https:\/\/yoast.com\/product\/yoast-seo-wordpress\/ -->\n<title>Servicios - La Jijonenca Sant Cugat<\/title>\n<meta name=\"robots\" content=\"index, follow, max-snippet:-1, max-image-preview:large, max-video-preview:-1\" \/>\n<link rel=\"canonical\" href=\"https:\/\/lajijonencasantcugat.com\/en\/servicios\/\" \/>\n<meta property=\"og:locale\" content=\"en_GB\" \/>\n<meta property=\"og:type\" content=\"article\" \/>\n<meta property=\"og:title\" content=\"Servicios - La Jijonenca Sant Cugat\" \/>\n<meta property=\"og:description\" content=\"Nuestros Productos Somos maestros heladeros y turroneros de Jijona, con m\u00e1s de 50 a\u00f1os de experiencia en Sant Cugat, donde hemos convertido este lugar en nuestra segunda casa, llena de tradici\u00f3n y dulzura. Horchata Helados Granizados Leche merengada Caf\u00e9 Turrones artesanos Dulces de Navidad Contactar HorchataHeladosHeladosGranizadosLeche merengadaCaf\u00e9Turrones artesanosDulces de navidad Contactar\" \/>\n<meta property=\"og:url\" content=\"https:\/\/lajijonencasantcugat.com\/en\/servicios\/\" \/>\n<meta property=\"og:site_name\" content=\"La Jijonenca Sant Cugat\" \/>\n<meta property=\"article:modified_time\" content=\"2026-04-01T07:36:38+00:00\" \/>\n<meta name=\"twitter:card\" content=\"summary_large_image\" \/>\n<meta name=\"twitter:label1\" content=\"Estimated reading time\" \/>\n\t<meta name=\"twitter:data1\" content=\"1 minute\" \/>\n<script type=\"application\/ld+json\" class=\"yoast-schema-graph\">{\"@context\":\"https:\\\/\\\/schema.org\",\"@graph\":[{\"@type\":\"WebPage\",\"@id\":\"https:\\\/\\\/lajijonencasantcugat.com\\\/servicios\\\/\",\"url\":\"https:\\\/\\\/lajijonencasantcugat.com\\\/servicios\\\/\",\"name\":\"Servicios - La Jijonenca Sant Cugat\",\"isPartOf\":{\"@id\":\"https:\\\/\\\/lajijonencasantcugat.com\\\/#website\"},\"datePublished\":\"2026-03-27T09:46:40+00:00\",\"dateModified\":\"2026-04-01T07:36:38+00:00\",\"breadcrumb\":{\"@id\":\"https:\\\/\\\/lajijonencasantcugat.com\\\/servicios\\\/#breadcrumb\"},\"inLanguage\":\"en-GB\",\"potentialAction\":[{\"@type\":\"ReadAction\",\"target\":[\"https:\\\/\\\/lajijonencasantcugat.com\\\/servicios\\\/\"]}]},{\"@type\":\"BreadcrumbList\",\"@id\":\"https:\\\/\\\/lajijonencasantcugat.com\\\/servicios\\\/#breadcrumb\",\"itemListElement\":[{\"@type\":\"ListItem\",\"position\":1,\"name\":\"Portada\",\"item\":\"https:\\\/\\\/lajijonencasantcugat.com\\\/\"},{\"@type\":\"ListItem\",\"position\":2,\"name\":\"Servicios\"}]},{\"@type\":\"WebSite\",\"@id\":\"https:\\\/\\\/lajijonencasantcugat.com\\\/#website\",\"url\":\"https:\\\/\\\/lajijonencasantcugat.com\\\/\",\"name\":\"La Jijonenca Sant Cugat\",\"description\":\"La Jijonenca Sant Cugat\",\"publisher\":{\"@id\":\"https:\\\/\\\/lajijonencasantcugat.com\\\/#organization\"},\"potentialAction\":[{\"@type\":\"SearchAction\",\"target\":{\"@type\":\"EntryPoint\",\"urlTemplate\":\"https:\\\/\\\/lajijonencasantcugat.com\\\/?s={search_term_string}\"},\"query-input\":{\"@type\":\"PropertyValueSpecification\",\"valueRequired\":true,\"valueName\":\"search_term_string\"}}],\"inLanguage\":\"en-GB\"},{\"@type\":\"Organization\",\"@id\":\"https:\\\/\\\/lajijonencasantcugat.com\\\/#organization\",\"name\":\"La Jijonenca Sant Cugat\",\"url\":\"https:\\\/\\\/lajijonencasantcugat.com\\\/\",\"logo\":{\"@type\":\"ImageObject\",\"inLanguage\":\"en-GB\",\"@id\":\"https:\\\/\\\/lajijonencasantcugat.com\\\/#\\\/schema\\\/logo\\\/image\\\/\",\"url\":\"https:\\\/\\\/lajijonencasantcugat.com\\\/wp-content\\\/uploads\\\/2026\\\/03\\\/logo_web-scaled.png\",\"contentUrl\":\"https:\\\/\\\/lajijonencasantcugat.com\\\/wp-content\\\/uploads\\\/2026\\\/03\\\/logo_web-scaled.png\",\"width\":2560,\"height\":526,\"caption\":\"La Jijonenca Sant Cugat\"},\"image\":{\"@id\":\"https:\\\/\\\/lajijonencasantcugat.com\\\/#\\\/schema\\\/logo\\\/image\\\/\"}}]}<\/script>\n<!-- \/ Yoast SEO plugin. -->","yoast_head_json":{"title":"Servicios - La Jijonenca Sant Cugat","robots":{"index":"index","follow":"follow","max-snippet":"max-snippet:-1","max-image-preview":"max-image-preview:large","max-video-preview":"max-video-preview:-1"},"canonical":"https:\/\/lajijonencasantcugat.com\/en\/servicios\/","og_locale":"en_GB","og_type":"article","og_title":"Servicios - La Jijonenca Sant Cugat","og_description":"Nuestros Productos Somos maestros heladeros y turroneros de Jijona, con m\u00e1s de 50 a\u00f1os de experiencia en Sant Cugat, donde hemos convertido este lugar en nuestra segunda casa, llena de tradici\u00f3n y dulzura. Horchata Helados Granizados Leche merengada Caf\u00e9 Turrones artesanos Dulces de Navidad Contactar HorchataHeladosHeladosGranizadosLeche merengadaCaf\u00e9Turrones artesanosDulces de navidad Contactar","og_url":"https:\/\/lajijonencasantcugat.com\/en\/servicios\/","og_site_name":"La Jijonenca Sant Cugat","article_modified_time":"2026-04-01T07:36:38+00:00","twitter_card":"summary_large_image","twitter_misc":{"Estimated reading time":"1 minute"},"schema":{"@context":"https:\/\/schema.org","@graph":[{"@type":"WebPage","@id":"https:\/\/lajijonencasantcugat.com\/servicios\/","url":"https:\/\/lajijonencasantcugat.com\/servicios\/","name":"Servicios - La Jijonenca Sant Cugat","isPartOf":{"@id":"https:\/\/lajijonencasantcugat.com\/#website"},"datePublished":"2026-03-27T09:46:40+00:00","dateModified":"2026-04-01T07:36:38+00:00","breadcrumb":{"@id":"https:\/\/lajijonencasantcugat.com\/servicios\/#breadcrumb"},"inLanguage":"en-GB","potentialAction":[{"@type":"ReadAction","target":["https:\/\/lajijonencasantcugat.com\/servicios\/"]}]},{"@type":"BreadcrumbList","@id":"https:\/\/lajijonencasantcugat.com\/servicios\/#breadcrumb","itemListElement":[{"@type":"ListItem","position":1,"name":"Portada","item":"https:\/\/lajijonencasantcugat.com\/"},{"@type":"ListItem","position":2,"name":"Servicios"}]},{"@type":"WebSite","@id":"https:\/\/lajijonencasantcugat.com\/#website","url":"https:\/\/lajijonencasantcugat.com\/","name":"La Jijonenca Sant Cugat","description":"La Jijonenca Sant Cugat","publisher":{"@id":"https:\/\/lajijonencasantcugat.com\/#organization"},"potentialAction":[{"@type":"SearchAction","target":{"@type":"EntryPoint","urlTemplate":"https:\/\/lajijonencasantcugat.com\/?s={search_term_string}"},"query-input":{"@type":"PropertyValueSpecification","valueRequired":true,"valueName":"search_term_string"}}],"inLanguage":"en-GB"},{"@type":"Organization","@id":"https:\/\/lajijonencasantcugat.com\/#organization","name":"La Jijonenca Sant Cugat","url":"https:\/\/lajijonencasantcugat.com\/","logo":{"@type":"ImageObject","inLanguage":"en-GB","@id":"https:\/\/lajijonencasantcugat.com\/#\/schema\/logo\/image\/","url":"https:\/\/lajijonencasantcugat.com\/wp-content\/uploads\/2026\/03\/logo_web-scaled.png","contentUrl":"https:\/\/lajijonencasantcugat.com\/wp-content\/uploads\/2026\/03\/logo_web-scaled.png","width":2560,"height":526,"caption":"La Jijonenca Sant Cugat"},"image":{"@id":"https:\/\/lajijonencasantcugat.com\/#\/schema\/logo\/image\/"}}]}},"_links":{"self":[{"href":"https:\/\/lajijonencasantcugat.com\/en\/wp-json\/wp\/v2\/pages\/7","targetHints":{"allow":["GET"]}}],"collection":[{"href":"https:\/\/lajijonencasantcugat.com\/en\/wp-json\/wp\/v2\/pages"}],"about":[{"href":"https:\/\/lajijonencasantcugat.com\/en\/wp-json\/wp\/v2\/types\/page"}],"author":[{"embeddable":true,"href":"https:\/\/lajijonencasantcugat.com\/en\/wp-json\/wp\/v2\/users\/1"}],"replies":[{"embeddable":true,"href":"https:\/\/lajijonencasantcugat.com\/en\/wp-json\/wp\/v2\/comments?post=7"}],"version-history":[{"count":169,"href":"https:\/\/lajijonencasantcugat.com\/en\/wp-json\/wp\/v2\/pages\/7\/revisions"}],"predecessor-version":[{"id":763,"href":"https:\/\/lajijonencasantcugat.com\/en\/wp-json\/wp\/v2\/pages\/7\/revisions\/763"}],"wp:attachment":[{"href":"https:\/\/lajijonencasantcugat.com\/en\/wp-json\/wp\/v2\/media?parent=7"}],"curies":[{"name":"wp","href":"https:\/\/api.w.org\/{rel}","templated":true}]}}